{"id":1540,"date":"2022-02-28T12:16:48","date_gmt":"2022-02-28T12:16:48","guid":{"rendered":"https:\/\/hevesmemorial.hu\/?page_id=1540"},"modified":"2022-05-17T06:44:53","modified_gmt":"2022-05-17T06:44:53","slug":"eloszo","status":"publish","type":"page","link":"https:\/\/hevesmemorial.hu\/?page_id=1540","title":{"rendered":"EL\u0150SZ\u00d3"},"content":{"rendered":"<div data-colibri-id=\"1540-c1\" class=\"style-1399 style-local-1540-c1 position-relative\">\n  <!---->\n  <div data-colibri-component=\"section\" data-colibri-id=\"1540-c2\" id=\"custom\" class=\"h-section h-section-global-spacing d-flex align-items-lg-center align-items-md-center align-items-center style-1408 style-local-1540-c2 position-relative\">\n    <!---->\n    <!---->\n    <div class=\"h-section-grid-container h-section-boxed-container\">\n      <!---->\n      <div data-colibri-id=\"1540-c3\" class=\"h-row-container gutters-row-lg-2 gutters-row-md-2 gutters-row-0 gutters-row-v-lg-2 gutters-row-v-md-2 gutters-row-v-2 style-1414 style-local-1540-c3 position-relative\">\n        <!---->\n        <div class=\"h-row justify-content-lg-center justify-content-md-center justify-content-center align-items-lg-stretch align-items-md-stretch align-items-stretch gutters-col-lg-2 gutters-col-md-2 gutters-col-0 gutters-col-v-lg-2 gutters-col-v-md-2 gutters-col-v-2\">\n          <!---->\n          <div class=\"h-column h-column-container d-flex h-col-lg-auto h-col-md-auto h-col-auto style-1415-outer style-local-1540-c4-outer\">\n            <div data-colibri-id=\"1540-c4\" class=\"d-flex h-flex-basis h-column__inner h-px-lg-2 h-px-md-2 h-px-2 v-inner-lg-2 v-inner-md-2 v-inner-2 style-1415 style-local-1540-c4 position-relative\">\n              <!---->\n              <!---->\n              <div class=\"w-100 h-y-container h-column__content h-column__v-align flex-basis-100 align-self-lg-start align-self-md-start align-self-start\">\n                <!---->\n                <div data-colibri-id=\"1540-c5\" class=\"h-text h-text-component style-1417 style-local-1540-c5 position-relative h-element\">\n                  <!---->\n                  <!---->\n                  <div class=\"\">\n                    <p><span style=\"font-size: 135%; font-weight: 900;\">EL\u0150SZ\u00d3<\/span><\/p>\n                  <\/div>\n                <\/div>\n                <div data-colibri-id=\"1540-c6\" class=\"d-block style-1418 style-local-1540-c6 position-relative h-element\">\n                  <!---->\n                  <div class=\"h-image__frame-container-outer\">\n                    <div class=\"h-image__frame-container\">\n                      <!---->\n                      <!---->\n                      <img loading=\"lazy\" decoding=\"async\" width=\"195\" height=\"242\" src=\"http:\/\/hevesmemorial.hu\/wp-content\/uploads\/2022\/02\/hevesmemorial.png\" class=\"wp-image-1564 style-1418-image style-local-1540-c6-image\" alt=\"\" \/>\n                      <div class=\"h-image__frame h-hide-lg h-hide-md h-hide-sm style-1418-frameImage style-local-1540-c6-frameImage\"><\/div>\n                    <\/div>\n                  <\/div>\n                <\/div>\n                <div data-colibri-id=\"1540-c7\" class=\"h-text h-text-component style-1416 style-local-1540-c7 position-relative h-element\">\n                  <!---->\n                  <!---->\n                  <div class=\"\">\n                    <p><em style=\"color: rgb(0, 0, 0); font-weight: 700;\">Randolph L. Braham<\/em><\/p>\n                    <p>Distinguished Professor Emeritus<\/p>\n                  <\/div>\n                <\/div>\n              <\/div>\n            <\/div>\n          <\/div>\n        <\/div>\n      <\/div>\n      <div data-colibri-id=\"1540-c8\" class=\"h-row-container gutters-row-lg-2 gutters-row-md-2 gutters-row-0 gutters-row-v-lg-2 gutters-row-v-md-2 gutters-row-v-2 style-1561 style-local-1540-c8 position-relative\">\n        <!---->\n        <div class=\"h-row justify-content-lg-center justify-content-md-center justify-content-center align-items-lg-stretch align-items-md-stretch align-items-stretch gutters-col-lg-2 gutters-col-md-2 gutters-col-0 gutters-col-v-lg-2 gutters-col-v-md-2 gutters-col-v-2\">\n          <!---->\n          <div class=\"h-column h-column-container d-flex h-col-lg-auto h-col-md-auto h-col-auto style-1562-outer style-local-1540-c9-outer\">\n            <div data-colibri-id=\"1540-c9\" class=\"d-flex h-flex-basis h-column__inner h-px-lg-2 h-px-md-2 h-px-2 v-inner-lg-2 v-inner-md-2 v-inner-2 style-1562 style-local-1540-c9 position-relative\">\n              <!---->\n              <!---->\n              <div class=\"w-100 h-y-container h-column__content h-column__v-align flex-basis-100 align-self-lg-start align-self-md-start align-self-start\">\n                <!---->\n                <div data-colibri-id=\"1540-c10\" class=\"h-text h-text-component style-1564 style-local-1540-c10 justified position-relative h-element\">\n                  <!---->\n                  <!---->\n                  <div class=\"\">\n                    <p><span style=\"font-weight: 400; font-size: 16px; font-family: &quot;Playfair Display&quot;; color: rgb(0, 0, 0);\">&nbsp;&nbsp;A Heves megyei zsid\u00f3 k\u00f6z\u00f6ss\u00e9gek t\u00f6rt\u00e9nelmi tekintetben viszonylag r\u00f6vid \u00e9let\u0171ek voltak. Mint gyakorlatilag Magyarorsz\u00e1g \u00f6sszes m\u00e1s vid\u00e9k\u00e9n, a legt\u00f6bb k\u00f6z\u00f6ss\u00e9g t\u00f6rt\u00e9nete alig valamivel t\u00f6bb, mint egy \u00e9vsz\u00e1zadig tartott. Mind\u00f6ssze n\u00e9h\u00e1ny k\u00f6z\u00f6ss\u00e9get alap\u00edtottak a XVIII. sz\u00e1zad v\u00e9g\u00e9n, a legt\u00f6bb a XIX. sz\u00e1zad folyam\u00e1n j\u00f6tt l\u00e9tre. A zsid\u00f3k leteleped\u00e9s\u00e9t eredetileg a feud\u00e1lis f\u00f6ldesurak \u00f6szt\u00f6n\u00f6zt\u00e9k birtokaikon, \u00f6r\u00f6mmel l\u00e1tt\u00e1k \u0151ket a kereskedelem \u00e9s ipar ter\u00fclet\u00e9n \u2013 a gazdas\u00e1gi tev\u00e9kenys\u00e9get a birtokos f\u0151nemess\u00e9g lealacsony\u00edt\u00f3nak tartotta, az alapvet\u0151en tanulatlan paraszts\u00e1g pedig nem volt alkalmas a szerep bet\u00f6lt\u00e9s\u00e9re. 1840-ben, a megy\u00e9ben \u00e9l\u0151 zsid\u00f3k sz\u00e1ma 1.953, 1880-ban volt a legt\u00f6bb: 10.928 f\u0151. A k\u00f6vetkez\u0151 \u00e9vtizedekben a megyei zsid\u00f3 lakoss\u00e1g sz\u00e1ma fokozatosan cs\u00f6kkent, \u00e9s az 1940-es antiszemita id\u0151szakra m\u00e1r csak alig t\u00f6bb mint 7000 f\u0151 volt.<br>&nbsp;A megye zsid\u00f3 k\u00f6z\u00f6ss\u00e9geinek felemelked\u00e9s\u00e9t \u00e9s hanyatl\u00e1s\u00e1t sok t\u00f6rt\u00e9nelmi, politikai, t\u00e1rsadalmi \u00e9s gazdas\u00e1gi t\u00e9nyez\u0151 hat\u00e1rozta meg, bele\u00e9rtve m\u00e1sok mellett Eger, Gy\u00f6ngy\u00f6s, Hatvan, Heves \u00e9s Tiszaf\u00fcred k\u00f6z\u00f6ss\u00e9geinek t\u00f6rt\u00e9net\u00e9t is. Ezt a folyamatot \u00edrta le, \u00e9s elemezte j\u00f3l dokument\u00e1lt munk\u00e1j\u00e1ban Orb\u00e1nn\u00e9 dr. Szeg\u0151 \u00c1gnes, a tiszaf\u00fcredi v\u00e1rosi k\u00f6nyvt\u00e1r igazgat\u00f3helyettese. A tiszaf\u00fcredi zsid\u00f3s\u00e1g t\u00f6rt\u00e9nete \u00e9s demogr\u00e1fi\u00e1ja szerz\u0151je gyakorlottan haszn\u00e1lja a megyei lev\u00e9lt\u00e1ri forr\u00e1sokat, dokument\u00e1lva a k\u00f6z\u00f6ss\u00e9gek fejl\u0151d\u00e9s\u00e9t, beillesztve azt Magyarorsz\u00e1g nemzeti t\u00f6rt\u00e9nelm\u00e9nek k\u00fcl\u00f6nb\u00f6z\u0151 szakaszaiba. A t\u00e1rsadalomtudom\u00e1nyok eszk\u00f6zeit haszn\u00e1lva kihangs\u00falyozza a t\u00e1rsadalmi strukt\u00far\u00e1ban elfoglalt hely\u00fcket, a k\u00f6z\u00f6ss\u00e9gek vall\u00e1si \u00e9s j\u00f3l\u00e9ti szervezeteinek szerep\u00e9t, le\u00edrja a hitel, a kereskedelem \u00e9s az ipar \u00e1gazatait, amelyekben a zsid\u00f3k \u00fatt\u00f6r\u0151 szerepet j\u00e1tszottak, \u00e9s le\u00edrja az egyre nehezebb politikai l\u00e9gk\u00f6rt, amelyben \u2013 k\u00fcl\u00f6n\u00f6sen az els\u0151 vil\u00e1gh\u00e1bor\u00fa ut\u00e1n -, a k\u00f6z\u00f6ss\u00e9gek a fennmarad\u00e1suk\u00e9rt harcoltak.&nbsp;&nbsp;<\/span><\/p>\n                  <\/div>\n                <\/div>\n              <\/div>\n            <\/div>\n          <\/div>\n          <div class=\"h-column h-column-container d-flex h-col-lg-auto h-col-md-auto h-col-auto style-1563-outer style-local-1540-c11-outer\">\n            <div data-colibri-id=\"1540-c11\" class=\"d-flex h-flex-basis h-column__inner h-px-lg-2 h-px-md-2 h-px-2 v-inner-lg-2 v-inner-md-2 v-inner-2 style-1563 style-local-1540-c11 position-relative\">\n              <!---->\n              <!---->\n              <div class=\"w-100 h-y-container h-column__content h-column__v-align flex-basis-100 align-self-lg-start align-self-md-start align-self-start\">\n                <!---->\n                <div data-colibri-id=\"1540-c12\" class=\"h-text h-text-component style-1565 style-local-1540-c12 justified position-relative h-element\">\n                  <!---->\n                  <!---->\n                  <div class=\"\">\n                    <p><span style=\"font-weight: 400; font-size: 16px; font-family: &quot;Playfair Display&quot;; color: rgb(0, 0, 0);\">&nbsp; &nbsp; Amint m\u00e1sutt is a csonka Magyarorsz\u00e1gon, 1938-ban, az els\u0151 zsid\u00f3t\u00f6rv\u00e9ny elfogad\u00e1sa ut\u00e1n az antiszemita mozgalmak feler\u0151s\u00f6dtek. Ezt k\u00f6vett\u00e9k gyors egym\u00e1sut\u00e1nban a t\u00f6bbi omin\u00f3zus antiszemita t\u00f6rv\u00e9nyek, mindennek tet\u0151pontjak\u00e9nt az a trag\u00e9dia \u00e1ll, amely az 1944. m\u00e1rcius 19-i n\u00e9met megsz\u00e1ll\u00e1s ut\u00e1n elnyelte a magyarorsz\u00e1gi zsid\u00f3s\u00e1got. Az utols\u00f3 fejezetet a szerz\u0151 a Holocaustnak szentelte. T\u00f6m\u00f6ren le\u00edrja azokat az int\u00e9zked\u00e9seket, amelyeket az orsz\u00e1gos \u00e9s a helyi hat\u00f3s\u00e1gok rendeltek el, k\u00f6z\u00f6tt\u00fck a zsid\u00f3s\u00e1g elk\u00fcl\u00f6n\u00edt\u00e9s\u00e9t, kifoszt\u00e1s\u00e1t \u00e9s megal\u00e1z\u00e1s\u00e1t. Szint\u00e9n felt\u00e1rja azokat a sz\u00f6rny\u0171 k\u00f6r\u00fclm\u00e9nyeket, amelyek a k\u00fcl\u00f6nb\u00f6z\u0151 gett\u00f3kban uralkodtak, Eger, Gy\u00f6ngy\u00f6s, Hatvan, Sz\u00fa-csi-Bag\u00f3lyuk \u00e9s Tiszaf\u00fcred telep\u00fcl\u00e9seken. Dokument\u00e1lja az embertelen k\u00f6r\u00fclm\u00e9nyeket, amelyekkel a magyar \u00e1llami hatalom eszk\u00f6zei \u2013 a polg\u00e1ri hat\u00f3s\u00e1gok, a rend\u0151rs\u00e9g \u00e9s a csend\u0151rs\u00e9g \u2013 v\u00e9grehajtotta a deport\u00e1l\u00e1st.<\/span>\n                      <br>&nbsp;&nbsp;A h\u00e1bor\u00fa ut\u00e1n a k\u00eds\u00e9rlet n\u00e9h\u00e1ny k\u00f6z\u00f6ss\u00e9g felt\u00e1maszt\u00e1s\u00e1ra alapj\u00e1ban sikertelen volt, a kezdetekt\u0151l balsiker k\u00eds\u00e9rte. El\u0151sz\u00f6r is csak n\u00e9h\u00e1ny megind\u00edt\u00f3an sz\u00e1nalomra m\u00e9lt\u00f3 t\u00fal\u00e9l\u0151 pr\u00f3b\u00e1lt lelkesen \u00faj gy\u00f6kereket ereszteni a\n                      v\u00e1rosokban \u00e9s a falvakban, ahonnan szeretteiket olyan brut\u00e1lisan hurcolt\u00e1k el Auschwitzba. A t\u00fal\u00e9l\u0151k k\u00f6z\u00fcl n\u00e9h\u00e1nyan elhat\u00e1rozt\u00e1k, hogy nagyobb v\u00e1rosokba k\u00f6lt\u00f6zve \u2013 leg-al\u00e1bb r\u00f6vid id\u0151re &#8211; m\u00e9g \u00e9letk\u00e9pess\u00e9 tesz zsid\u00f3 hitk\u00f6zs\u00e9geket,\n                      m\u00e1sok az els\u0151 adand\u00f3 alkalommal emigr\u00e1ltak. R\u00e1ad\u00e1sul a h\u00e1bor\u00fa ut\u00e1n hamarosan hatalomra ker\u00fcl\u0151, a szovjetek \u00e1ltal t\u00e1mogatott kommunista rezsim nem n\u00e9zte j\u00f3 szemmel a hagyom\u00e1nyos zsid\u00f3 \u00e9rt\u00e9kek \u00e1pol\u00e1s\u00e1t \u00e9s a vall\u00e1si k\u00f6z\u00f6ss\u00e9gek \u00e9letre\n                      kelt\u00e9s\u00e9t.\n                      <br>&nbsp;&nbsp;A valaha vir\u00e1gz\u00f3 Heves megyei zsid\u00f3 k\u00f6z\u00f6ss\u00e9gek, mint a magyarorsz\u00e1gi legt\u00f6bb vid\u00e9ki v\u00e1rosban \u00e9s faluban, m\u00e1ra voltak\u00e9ppen kihaltak, csak a tudom\u00e1nyos munk\u00e1k \u00e9s eml\u00e9kiratok eml\u00e9keznek r\u00e1juk. A Heves megyei zsid\u00f3s\u00e1g b\u00fcszke\n                      lehet t\u00f6rt\u00e9net\u00e9re. Eml\u00e9kezete lett bemutatva ebben a j\u00f3l meg\u00edrt \u00e9s kimer\u00edt\u0151en dokument\u00e1lt k\u00f6tetben. Ezzel Orb\u00e1nn\u00e9 dr. Szeg\u0151 \u00c1gnes nemcsak tudom\u00e1nyos fokozat\u00e1t, hanem az \u00f6sszes ember elismer\u00e9s\u00e9t is elnyerte \u2013 zsid\u00f3k\u00e9t \u00e9s kereszt\u00e9nyek\u00e9t\n                      egyar\u00e1nt, akik a t\u00f6rt\u00e9nelmi igazs\u00e1g meg\u0151rz\u00e9s\u00e9nek szentelt\u00e9k magukat.<\/p>\n                    <p>New York, NY May 2001.<\/p>\n                    <p>\n                      <br>\n                    <\/p>\n                  <\/div>\n                <\/div>\n              <\/div>\n            <\/div>\n          <\/div>\n        <\/div>\n      <\/div>\n    <\/div>\n  <\/div>\n<\/div>","protected":false},"excerpt":{"rendered":"<p>EL\u0150SZ\u00d3 Randolph L. Braham Distinguished Professor Emeritus &nbsp;&nbsp;A Heves megyei zsid\u00f3 k\u00f6z\u00f6ss\u00e9gek t\u00f6rt\u00e9nelmi tekintetben viszonylag r\u00f6vid \u00e9let\u0171ek voltak. Mint gyakorlatilag Magyarorsz\u00e1g \u00f6sszes m\u00e1s vid\u00e9k\u00e9n, a legt\u00f6bb k\u00f6z\u00f6ss\u00e9g t\u00f6rt\u00e9nete alig valamivel t\u00f6bb, mint egy \u00e9vsz\u00e1zadig tartott. Mind\u00f6ssze n\u00e9h\u00e1ny k\u00f6z\u00f6ss\u00e9get alap\u00edtottak a XVIII. sz\u00e1zad v\u00e9g\u00e9n, a legt\u00f6bb a XIX. sz\u00e1zad folyam\u00e1n j\u00f6tt l\u00e9tre. A zsid\u00f3k leteleped\u00e9s\u00e9t eredetileg [&hellip;]<\/p>\n","protected":false},"author":1,"featured_media":0,"parent":0,"menu_order":0,"comment_status":"closed","ping_status":"closed","template":"page-templates\/full-width-page.php","meta":{"footnotes":""},"class_list":["post-1540","page","type-page","status-publish","hentry"],"_links":{"self":[{"href":"https:\/\/hevesmemorial.hu\/index.php?rest_route=\/wp\/v2\/pages\/1540","targetHints":{"allow":["GET"]}}],"collection":[{"href":"https:\/\/hevesmemorial.hu\/index.php?rest_route=\/wp\/v2\/pages"}],"about":[{"href":"https:\/\/hevesmemorial.hu\/index.php?rest_route=\/wp\/v2\/types\/page"}],"author":[{"embeddable":true,"href":"https:\/\/hevesmemorial.hu\/index.php?rest_route=\/wp\/v2\/users\/1"}],"replies":[{"embeddable":true,"href":"https:\/\/hevesmemorial.hu\/index.php?rest_route=%2Fwp%2Fv2%2Fcomments&post=1540"}],"version-history":[{"count":8,"href":"https:\/\/hevesmemorial.hu\/index.php?rest_route=\/wp\/v2\/pages\/1540\/revisions"}],"predecessor-version":[{"id":2052,"href":"https:\/\/hevesmemorial.hu\/index.php?rest_route=\/wp\/v2\/pages\/1540\/revisions\/2052"}],"wp:attachment":[{"href":"https:\/\/hevesmemorial.hu\/index.php?rest_route=%2Fwp%2Fv2%2Fmedia&parent=1540"}],"curies":[{"name":"wp","href":"https:\/\/api.w.org\/{rel}","templated":true}]}}