{"id":891,"date":"2022-02-27T07:25:45","date_gmt":"2022-02-27T07:25:45","guid":{"rendered":"https:\/\/hevesmemorial.hu\/?page_id=891"},"modified":"2022-05-28T17:15:53","modified_gmt":"2022-05-28T17:15:53","slug":"heves-megye-zsidosaga-az-1830-40-es-evekben-a-turelmi-ado-es-az-1848-as-osszeirasok-tukreben","status":"publish","type":"page","link":"https:\/\/hevesmemorial.hu\/?page_id=891","title":{"rendered":"HEVES MEGYE ZSID\u00d3S\u00c1GA AZ 1830-40-ES \u00c9VEKBEN A T\u00dcRELMI AD\u00d3 \u00c9S AZ 1848-AS \u00d6SSZE\u00cdR\u00c1SOK T\u00dcKR\u00c9BEN"},"content":{"rendered":"<div data-colibri-id=\"891-c1\" class=\"style-847 style-local-891-c1 position-relative\">\n  <!---->\n  <div data-colibri-component=\"section\" data-colibri-id=\"891-c10\" id=\"custom\" class=\"h-section h-section-global-spacing d-flex align-items-lg-center align-items-md-center align-items-center style-856 style-local-891-c10 position-relative\">\n    <!---->\n    <!---->\n    <div class=\"h-section-grid-container h-section-boxed-container\">\n      <!---->\n      <div data-colibri-id=\"891-c11\" class=\"h-row-container gutters-row-lg-2 gutters-row-md-2 gutters-row-0 gutters-row-v-lg-2 gutters-row-v-md-2 gutters-row-v-2 style-860 style-local-891-c11 position-relative\">\n        <!---->\n        <div class=\"h-row justify-content-lg-center justify-content-md-center justify-content-center align-items-lg-stretch align-items-md-stretch align-items-stretch gutters-col-lg-2 gutters-col-md-2 gutters-col-0 gutters-col-v-lg-2 gutters-col-v-md-2 gutters-col-v-2\">\n          <!---->\n          <div class=\"h-column h-column-container d-flex h-col-lg-auto h-col-md-auto h-col-auto style-861-outer style-local-891-c12-outer\">\n            <div data-colibri-id=\"891-c12\" class=\"d-flex h-flex-basis h-column__inner h-px-lg-2 h-px-md-2 h-px-2 v-inner-lg-2 v-inner-md-2 v-inner-2 style-861 style-local-891-c12 position-relative\">\n              <!---->\n              <!---->\n              <div class=\"w-100 h-y-container h-column__content h-column__v-align flex-basis-100 align-self-lg-start align-self-md-start align-self-start\">\n                <!---->\n                <div data-colibri-id=\"891-c13\" class=\"h-text h-text-component style-862 style-local-891-c13 justified position-relative h-element\">\n                  <!---->\n                  <!---->\n                  <div class=\"\">\n                    <p><span style=\"font-weight: 700;\">Heves megye zsid\u00f3s\u00e1ga az 1830-40-es \u00e9vekben a t\u00fcrelmi ad\u00f3 \u00e9s az 1848-as \u00f6ssze\u00edr\u00e1sok t\u00fckr\u00e9ben&nbsp;<\/span><\/p>\n                    <p>Csak n\u00e9h\u00e1ny maradt fenn azokb\u00f3l az ad\u00f3\u00f6ssze\u00edr\u00e1si \u00e9vekb\u0151l, amiket a j\u00e1r\u00e1si szolgab\u00edr\u00f3k ellenjegyz\u00e9s\u00e9vel a S\u00f3hivatalok hajtottak be.[1] A katonai \u00e9v november 1-t\u0151l a k\u00f6vetkez\u0151 \u00e9v okt\u00f3ber v\u00e9g\u00e9ig terjedt, \u00edgy pl.&nbsp;1833\/34, vagy 1834\/35\n                      szerepel az \u00edveken. Az is el\u0151fordult nemegyszer, hogy az el\u0151z\u0151 \u00e9vi adatokat a k\u00f6vetkez\u0151 \u00e9vben bet\u0171r\u0151l-bet\u0171re \u00e1tm\u00e1solt\u00e1k. Ebben az id\u0151ben a kett\u0151s megy\u00e9t h\u00e1rom nagy j\u00e1r\u00e1sra osztott\u00e1k; a Tarnai, a M\u00e1trai \u00e9s a Tiszai j\u00e1r\u00e1sra. A Tszai\n                      j\u00e1r\u00e1sban voltak K\u00fcls\u0151-Szolnok megye J\u00e1szs\u00e1gon \u00e9s Nagykuns\u00e1gon k\u00edv\u00fcli telep\u00fcl\u00e9sei is, pl. Szolnok, Fegyvernek, Mez\u0151t\u00far. A k\u00e9s\u0151bbi Heves megyei Tiszai j\u00e1r\u00e1sb\u00f3l mind\u00f6ssze nyolc telep\u00fcl\u00e9s tartozott ide. Az \u00f6ssze\u00edr\u00e1s nem mindig teljes,\n                      mivel Gy\u00f6ngy\u00f6s, Verpel\u00e9t, P\u00e1szt\u00f3&nbsp;adatair\u00f3l csak j\u00f3val kevesebb \u00f6ssze\u00edr\u00e1si \u00edv maradt fenn, mint a t\u00f6bbi, kisebb telep\u00fcl\u00e9sr\u0151l. A Tarnai j\u00e1r\u00e1sban a legteljesebb az 1833\/34-es \u00f6ssze\u00edr\u00e1s, amiben mindh\u00e1rom nagyobb telep\u00fcl\u00e9s adatai\n                      szerepelnek (l\u00e1sd a. mell\u00e9kletben). Az \u00f6ssze\u00edr\u00e1s tartalmazza a csal\u00e1df\u0151k l\u00e9tsz\u00e1m\u00e1t, az \u00f6sszes lakos sz\u00e1m\u00e1t, a fi\u00fa- \u00e9s l\u00e1nygyermekek, a rokonok, illetve a zsid\u00f3 \u00e9s kereszt\u00e9ny szolg\u00e1k \u00e9s szolg\u00e1l\u00f3k l\u00e9tsz\u00e1m\u00e1t, a foglalkoz\u00e1si megoszl\u00e1st,\n                      amely a k\u00f6vetkez\u0151 foglalkoz\u00e1si csoportokat tartalmazta: keresked\u0151k: mercator, inventor, questor circumforence; iparosok: oppifex; b\u00e9rl\u0151: arendator (\u00e1rend\u00e1s, am. b\u00e9rl\u0151, haszonb\u00e9rl\u0151);&nbsp;peritus de pauperie, k\u00e9s\u0151bb ez b\u0151v\u00fclt n\u00e9h\u00e1ny\n                      rovattal. Az utols\u00f3 \u00f6ssze\u00edr\u00e1s 1845\/46-ban m\u00e1r magyar fejl\u00e9ccel k\u00e9sz\u00fclt.\n                      <br>&nbsp;&nbsp;A gy\u00f6ngy\u00f6si j\u00e1r\u00e1sban az 1834\/35-\u00f6s t\u00fcrelmi ad\u00f3 kapcs\u00e1n k\u00e9sz\u00fclt \u00f6ssze\u00edr\u00e1s 251 zsid\u00f3 csal\u00e1dot regisztr\u00e1lt.&nbsp;A zsid\u00f3k \u00f6sszl\u00e9tsz\u00e1ma itt 1197 volt, ellent\u00e9tben F\u00e9nyes Elek&nbsp;adataival. A 251 csal\u00e1dban 309 fi\u00fa \u00e9s 310\n                      l\u00e1ny \u00e9lt, ez term\u00e9szetesen csak a kisebb, \u00f6n\u00e1ll\u00f3 csal\u00e1dot m\u00e9g nem alak\u00edtott gyermekekre \u00e9rtend\u0151. A foglalkoz\u00e1si megoszl\u00e1s: 21 boltos, 110 v\u00e1ndorkeresked\u0151, 24 iparos, 72 \u00e1rendator (b\u00e9rl\u0151);&nbsp;24 csal\u00e1df\u0151 \u00e9lt a k\u00f6z\u00f6ss\u00e9g kegy\u00e9b\u0151l.\n                      Az ad\u00f3 is magas, 5.750 Ft volt. Gy\u00f6ngy\u00f6s\u00f6n 120 csal\u00e1dot, \u00f6sszesen 595 zsid\u00f3 lakost \u00edrtak \u00f6ssze, 19 boltost, 52 v\u00e1ndorkeresked\u0151t, 12 iparost, 21 \u00e1rendatort, \u00e9s 16 koldust, az eg\u00e9sz k\u00f6z\u00f6ss\u00e9g ad\u00f3ja 2865 Ft volt, amely a j\u00e1r\u00e1s eg\u00e9sz\n                      ad\u00f3j\u00e1nak t\u00f6bb mint fel\u00e9t tette ki. Ehhez hozz\u00e1j\u00e1rult az is, hogy a j\u00e1r\u00e1s 21 boltos\u00e1b\u00f3l 19 Gy\u00f6ngy\u00f6s\u00f6n \u00e9lt, \u0151k voltak a legm\u00f3dosabb emberek. Hirschl Hermannak \u00f6t csal\u00e1dtagja volt, 150 Ft ad\u00f3t fizetett. Bekker \u00c1brah\u00e1mnak kilenc tag\u00fa\n                      csal\u00e1dja volt, 140 Ft \u00e9ves ad\u00f3val. Weinberger Joshua&nbsp;\u00f6t csal\u00e1dtaggal 150 Ft ad\u00f3val, Waiser Jakab&nbsp;kilenc csal\u00e1dtaggal, 130 Ft ad\u00f3val. Senfeld M\u00f3zes&nbsp;h\u00e1rom tag\u00fa csal\u00e1ddal, 125 Ft ad\u00f3val, Hirschl Leopoldus&nbsp;kilenctag\u00fa\n                      csal\u00e1ddal \u00e9s 100 Ft ad\u00f3val szerepelt az \u00f6ssze\u00edr\u00e1sban. Vagyonuk alapj\u00e1n \u0151k voltak a legtekint\u00e9lyesebb emberek a k\u00f6z\u00f6ss\u00e9gben. Laszky Adalbertus&nbsp;chirurgus is szerepelt az \u00f6ssze\u00edr\u00e1sban, mind\u00f6ssze 40 Ft volt az ad\u00f3ja. A Senfeld,\n                      Hirschl, Swajzer, Guttmann, Netter, Spitzer, Eisser, Kun, Braun&nbsp;csal\u00e1dnevek ism\u00e9tl\u0151dnek: vagy rokoni kapcsolatban \u00e1lltak, vagy egym\u00e1s ut\u00e1n telepedtek be, vagy m\u00e1r itt sz\u00fclettek, \u00e9s itt alap\u00edtottak egy csal\u00e1db\u00f3l t\u00f6bben is saj\u00e1t\n                      csal\u00e1dot \u00e9s egzisztenci\u00e1t. A keresztnevek \u00e1ltal\u00e1ban a hagyom\u00e1nyos, bibliai nevek, kiv\u00e9tel: Adalbertus, Antoninus, Fhilippinus, Bern\u00e1t. A szok\u00e1sos n\u00e9met vezet\u00e9kneveken k\u00edv\u00fcl Csonka, Domonyi, Andr\u00e1si, Asz\u00f3di, Domoszlai, \u00c1t\u00e1nyi, Igari,&nbsp;Bitskei,\n                      Cs\u00e9csei&nbsp;nevek szerepelnek, az els\u0151 kiv\u00e9tel\u00e9vel val\u00f3sz\u00edn\u0171leg a sz\u00e1rmaz\u00e1si helyeik neveit kapt\u00e1k vezet\u00e9kn\u00e9vk\u00e9nt.\n                      <br>&nbsp;&nbsp;A k\u00f6vetkez\u0151 legn\u00e9pesebb telep\u00fcl\u00e9s a j\u00e1r\u00e1sban P\u00e1szt\u00f3: 59 csal\u00e1dban 304 f\u0151 \u00e9lt. K\u00f6zt\u00fck Wohl Matthias boltosnak volt magasabb, 150 Ft ad\u00f3ja. Rajta k\u00edv\u00fcl 32 h\u00e1zal\u00f3, 10 iparos, 12 \u00e1rendator \u00e9s hat koldus csal\u00e1df\u0151 szerepelt\n                      az \u00f6ssze\u00edr\u00e1sban. A legnagyobb csal\u00e1dl\u00e9tsz\u00e1m t\u00edz volt. \u00c1ltal\u00e1ban n\u00e9met csal\u00e1dnevek tal\u00e1lhat\u00f3k az \u00f6ssze\u00edr\u00e1sban, n\u00e9h\u00e1ny kiv\u00e9tellel: B\u00e1rk\u00e1nyi, Sz\u00e9cs\u00e9nyi, Szab\u00f3. Sok helyen \u00edrtak \u00f6ssze Kun&nbsp;vezet\u00e9knev\u0171eket, mivel hall\u00e1s ut\u00e1n k\u00e9sz\u00fclt\n                      az \u00f6ssze\u00edr\u00e1s. A Kunr\u00f3l val\u00f3sz\u00edn\u0171s\u00edthet\u0151, hogy a Kohn nevet magyaros\u00edthatt\u00e1k az \u00f6ssze\u00edr\u00f3k. P\u00e1szt\u00f3n \u00e9lt L\u00e9vi D\u00e1niel rabbi, aki ugyanakkor \u00e1rendator is volt. \u00c1ltal\u00e1ban a k\u00f6z\u00f6ss\u00e9gek nem voltak olyan vagyonosak, hogy eltarthass\u00e1k rendesen\n                      a rabbijukat, a t\u00f6bbi helyen is, ahol egy\u00e1ltal\u00e1n volt rabbi, az rendszerint \u00e1rendator is volt. Val\u00f3sz\u00edn\u0171leg a feles\u00e9ge \u00e9s a csal\u00e1dja v\u00e9gezhette a munk\u00e1t. R\u00e9gi vall\u00e1sos szok\u00e1s volt, hogy a nagy tud\u00e1s\u00fa Talmud tud\u00f3sokat a csal\u00e1djuk\n                      eltartotta. A j\u00e1r\u00e1s kisebb helys\u00e9geiben, a M\u00e1tra ter\u00fclet\u00e9n t\u00f6bbnyire csak egy-k\u00e9t zsid\u00f3 csal\u00e1d \u00e9lt, \u00e1ltal\u00e1ban \u00e1rend\u00e1b\u00f3l, val\u00f3sz\u00edn\u0171leg a helyi kocsm\u00e1t b\u00e9relhett\u00e9k, szat\u00f3cs\u00fczlettel egy\u00fctt. Rendszerint sokgyermekes csal\u00e1dok voltak.\n                      A szolg\u00e1k sz\u00e1m\u00e1nak viszonylag magas sz\u00e1ma mutatja a t\u00e1rsadalmi felemelked\u00e9s, a t\u0151keakkumul\u00e1ci\u00f3 kezdeteit.\n                      <br>&nbsp;&nbsp;A j\u00e1r\u00e1sban m\u00e9g nagyobb l\u00e9tsz\u00e1mban Monostoron \u00e9ltek zsid\u00f3k: 32 csal\u00e1dban 103 f\u0151. Ebb\u0151l 19 v\u00e1ndorkeresked\u0151, 2 iparos, 10 \u00e1rend\u00e1ns, \u00e9s egy koldus volt, \u00e1ltal\u00e1ban 15-30 Ft ad\u00f3t fizettek. Hatvanban mind\u00f6ssze egy \u00e1rendator\n                      \u00e9lt; Jakob Klein, h\u00e1romf\u0151s csal\u00e1dj\u00e1val 40 Ft ad\u00f3t fizetett. Egerben 1841\/42-ben 34 csal\u00e1d \u00e9lt 162 f\u0151vel, a k\u00f6vetkez\u0151 \u00e9vben 41 csal\u00e1d 198 f\u0151vel, az utols\u00f3 1843\/44-es \u00f6ssze\u00edr\u00e1s szerint m\u00e1r 56 csal\u00e1dban 306-an \u00e9ltek. Ekkor 3 nagykeresked\u0151,\n                      11 kiskeresked\u0151, 3 h\u00e1zal\u00f3, 2 iparos (az el\u0151z\u0151 \u00e9vben 5!), 1 nagyb\u00e9rl\u0151 \u00e9s 23 kisb\u00e9rl\u0151, \u00e9s 13 egy\u00e9b volt a foglalkoz\u00e1si megoszl\u00e1s. A leggazdagabb Schwartz Stephan (Istv\u00e1n), akit ekkor nagykeresked\u0151k\u00e9nt \u00edrtak \u00f6ssze: a h\u00e1ztart\u00e1s\u00e1ban 13\n                      f\u0151 \u00e9lt, 3 fia, 1 l\u00e1nya, 6 rokona, 1 zsid\u00f3, 2 kereszt\u00e9ny szolga. \u0150 volt a k\u00f6z\u00f6ss\u00e9g vezet\u0151je is. 1650 Ft-os jelent\u0151s j\u00f6vedelemmel rendelkezett. M\u00e9g k\u00e9t nagykeresked\u0151t ismert: Grajner Ludovicus&nbsp;\u00e9s Totiszer Vilhelm, akik szint\u00e9n\n                      magas, 1150, illetve 600 Ft ad\u00f3t fizettek. Az egyetlen nagyb\u00e9rl\u0151nek Goldberger Jacobnak 1100 Ft j\u00f6vedelme volt. A t\u00f6bbs\u00e9gnek k\u00f6zepes; 100-250 Ft az \u00e9ves j\u00f6vedelme, a szeg\u00e9nyebbeknek 40-50 Ft. Br\u00f3dy Jacob, Br\u00f3dy S\u00e1ndor&nbsp;apja az\n                      els\u0151 \u00f6ssze\u00edr\u00e1skor m\u00e9g csak h\u00e1zal\u00f3, a k\u00f6vetkez\u0151 \u00e9vben m\u00e1r 100 Ft, az utols\u00f3 \u00f6ssze\u00edr\u00e1skor m\u00e1r 440 Ft j\u00f6vedelemmel rendelkezett, h\u00e1ztart\u00e1s\u00e1ban 3 szolg\u00e1ja volt.\n                      <br>&nbsp;&nbsp;Hevesen 1841\/42-ben 31 csal\u00e1dban 157 f\u0151, k\u00e9t \u00e9vvel k\u00e9s\u0151bb 37 csal\u00e1dban 204 f\u0151 \u00e9lt. Sok volt a j\u00f3m\u00f3d\u00fa ember. Rosenfeld Petrus&nbsp;keresked\u0151 1300 Ft, Stern S\u00e1muel&nbsp;\u00e9s Csonka Michael&nbsp;b\u00e9rl\u0151k egyar\u00e1nt 800 Ft j\u00f6vedelemmel\n                      rendelkeztek. A k\u00e9t \u00f6ssze\u00edr\u00e1s ellentmond egym\u00e1snak, mivel az els\u0151ben 18 kiskeresked\u0151 \u00e9s 1 h\u00e1zal\u00f3, m\u00edg a m\u00e1sodikban 8 kiskeresked\u0151 \u00e9s 11 h\u00e1zal\u00f3 szerepelt (ut\u00f3bbi adatot tartom a re\u00e1lisabbnak, mivel ebben az id\u0151szakban m\u00e9g ink\u00e1bb j\u00f3val\n                      t\u00f6bb volt a h\u00e1zal\u00f3, \u00e9s kevesebb a boltos keresked\u0151). Mindk\u00e9t alkalommal 3 iparost \u00edrtak \u00f6ssze. Trencs\u00e9n F\u00e1bi\u00e1n&nbsp;rabbinak 110 Ft volt a j\u00f6vedelme, a k\u00e9t chyrurgusnak, (Hollander&nbsp;\u00e9s L\u0151vy) 680 \u00e9s 550 Ft.\n                      <br>&nbsp;&nbsp;Verpel\u00e9ten 1833\/34-ben m\u00e9g 44 csal\u00e1dban 250 f\u0151t, h\u00e9t, illetve nyolc \u00e9vvel k\u00e9s\u0151bb m\u00e1r csak 36 csal\u00e1dban 191, illetve 179 f\u0151t \u00edrtak \u00f6ssze. Az els\u0151 alkalommal 5 kiskeresked\u0151t, 25 h\u00e1zal\u00f3t, 7 iparost, 11 \u00e1rend\u00e1st, 1841\/42-ben\n                      1 nagykeresked\u0151t, 12 kiskeresked\u0151t, mind\u00f6ssze 1 h\u00e1zal\u00f3t, 3 iparost, 4 haszonb\u00e9rl\u0151, 4 b\u00e9rest, ami ritkas\u00e1g volt, \u00e9s 10 egy\u00e9b foglalkoz\u00e1s\u00fat tal\u00e1ltak. A leggazdagabb zsid\u00f3 az \u00f6ssze\u00edr\u00e1sok szerint az eg\u00e9sz megy\u00e9ben Groszmann \u00c9li\u00e1s&nbsp;volt,\n                      akit 1841\/42-ben m\u00e9g nagykeresked\u0151k\u00e9nt, a k\u00f6vetkez\u0151 \u00e9vben m\u00e1r nagyb\u00e9rl\u0151k\u00e9nt \u00edrtak \u00f6ssze az els\u0151 \u00e9vben 1000 Ft, a m\u00e1sodikban m\u00e1r 7990 Ft j\u00f6vedelemmel. \u0150 m\u00e1r val\u00f3sz\u00edn\u0171leg nagyobb f\u00f6ldter\u00fcletet b\u00e9relhetett, az els\u0151k k\u00f6z\u00f6tt a megy\u00e9ben.\n                      T\u00f6bb Stern&nbsp;nev\u0171 j\u00f3m\u00f3d\u00fa csal\u00e1df\u0151 \u00e9lt a telep\u00fcl\u00e9sen; M\u00e1rton \u00e1rend\u00e1s volt, Salamon kiskeresked\u0151 mindketten 1350 Ft j\u00f6vedelemmel. Stern J\u00f3zsef&nbsp;kiskeresked\u0151 volt, 350 Ft-ot keresett egy \u00e9vben. A l\u00e9tsz\u00e1mcs\u00f6kken\u00e9s oka az egri\n                      leteleped\u00e9si lehet\u0151s\u00e9g lehetett.\n                      <br>&nbsp;&nbsp;Tiszaf\u00fcreden 1839\/40-ben 33 csal\u00e1df\u0151t \u00e9s \u00f6sszesen 164 szem\u00e9lyt \u00edrtak \u00f6ssze: 2 nagykeresked\u0151t, 1 kiskeresked\u0151t, 13 h\u00e1zal\u00f3t, 6 iparost, 6 haszonb\u00e9rl\u0151, 3 koldust, \u00e9s k\u00e9t egy\u00e9b foglalkoz\u00e1s\u00fat. A leggazdagabb nagykeresked\u0151\n                      Ernst G\u00e1sp\u00e1r&nbsp;volt 200 Ft j\u00f6vedelemmel. Sch\u0151nfeld M\u00f3zes&nbsp;rabbi egyben haszonb\u00e9rl\u0151 is volt, 140 Ft j\u00f6vedelemmel. A t\u00f6bbs\u00e9g itt szeg\u00e9ny, heten 10-30 Ft, n\u00e9h\u00e1nyan m\u00e9g enn\u00e9l is kevesebb j\u00f6vedelemmel rendelkeztek. A Tiszai j\u00e1r\u00e1sban\n                      a Nagykuns\u00e1g&nbsp;\u00e9s a J\u00e1szs\u00e1g&nbsp;miatt t\u00f6bb kis telep\u00fcl\u00e9sen is jelent\u0151sebb sz\u00e1m\u00fa zsid\u00f3 k\u00f6z\u00f6ss\u00e9g \u00e9lt, pl. Poroszl\u00f3n, Tiszaigaron, Tiszasz\u0151l\u0151s\u0151n, Tiszab\u0151n. A lakosok t\u00f6bbs\u00e9ge h\u00e1zal\u00f3 volt, akik a lakhat\u00e1si enged\u00e9lyt ki nem ad\u00f3 ter\u00fcletekre\n                      j\u00e1rtak, \u00e9s \u00e1ltal\u00e1ban meglehet\u0151sen szeg\u00e9nyek voltak. Az 1850-es \u00e9vekt\u0151l fokozatosan \u00e1t is telep\u00fcltek ezekre a ter\u00fcletekre, illetve m\u00e1s nagyobb telep\u00fcl\u00e9sekre, k\u00f6z\u00f6tt\u00fck Tiszaf\u00fcredre is. A m\u00e1trai j\u00e1r\u00e1s kis falvaiban egy-k\u00e9t zsid\u00f3 csal\u00e1d\n                      \u00e9lt, akik a helyi kocsm\u00e1t b\u00e9relt\u00e9k a f\u00f6ldbirtokost\u00f3l. \u0150k is meglehet\u0151sen szeg\u00e9nyek voltak.\n                      <br>&nbsp;&nbsp;1848. m\u00e1jus\u00e1ban Gy\u00f6ngy\u00f6s&nbsp;v\u00e1rosa elrendelte a helybeli zsid\u00f3 csal\u00e1df\u0151k \u00e9s a csal\u00e1dban \u00e9l\u0151 f\u00e9rfiak \u00e9s fi\u00fagyermekek \u00f6ssze\u00edr\u00e1s\u00e1t. Ezt sok m\u00e1s helyen is elk\u00e9sz\u00edtett\u00e9k, de kev\u00e9s helyen maradt fenn. Ez az \u00f6ssze\u00edr\u00e1s teljesebb,\n                      mint ami 1845\/46-ban az utols\u00f3 t\u00fcrelmi ad\u00f3hoz k\u00e9sz\u00fclt, mivel tartalmazza m\u00e9g a sz\u00fclet\u00e9si helyet is, \u00e9s a feln\u0151tt f\u00e9rfiak foglalkoz\u00e1s\u00e1r\u00f3l is t\u00f6bbet lehet megtudni bel\u0151le. \u201eA Szabad Gy\u00f6ngy\u00f6s V\u00e1ros\u00e1ban l\u00e9tez\u0151 Izraelitas\u00e1gnak \u00f6szve\u00edr\u00e1si\n                      Jegyz\u00e9ke 28 Mai 1848\u201d 224 csal\u00e1d adatait tartalmazza. A csal\u00e1dokban \u00e9l\u0151 541 f\u00e9rfi k\u00f6z\u00fcl 252 volt 16 \u00e9vn\u00e9l fiatalabb. A f\u00e9rfin\u00e9pess\u00e9g adatai alapj\u00e1n becs\u00fclhet\u0151, hogy a n\u0151k sz\u00e1ma esetleg valamivel t\u00f6bb is volt. A sok gyermeksz\u00fcl\u00e9s\n                      miatt a n\u0151k hal\u00e1loz\u00e1si ar\u00e1nya, ill. \u00e1tlag\u00e9letkora nem volt annyival magasabb, mint napjainkban. A csal\u00e1df\u0151k k\u00f6z\u00fcl 93 Heves megy\u00e9ben sz\u00fcletett, ebb\u0151l 77 a v\u00e1rosban, mind\u00f6ssze a harmada a feln\u0151tt f\u00e9rfiaknak. A megy\u00e9b\u0151l P\u00e1szt\u00f3r\u00f3l j\u00f6ttek\n                      a legt\u00f6bben, hatan. 70 % a megy\u00e9b\u0151l, illetve a k\u00f6rnyez\u0151 megy\u00e9kb\u0151l val\u00f3. K\u00fclf\u00f6ld\u00f6n csak 18-an sz\u00fclettek: hatan Morvaorsz\u00e1gb\u00f3l, n\u00e9gyen Lengyelorsz\u00e1gb\u00f3l telep\u00fcltek ide. Ketten &#8211; ketten Gal\u00edci\u00e1b\u00f3l, Csehorsz\u00e1gb\u00f3l, \u00e9s Erd\u00e9lyb\u0151l j\u00f6ttek,\n                      egy-egy csal\u00e1df\u0151 pedig Horv\u00e1t-, illetve N\u00e9metorsz\u00e1gb\u00f3l. A foglalkoz\u00e1si megoszl\u00e1s: 110 keresked\u0151, k\u00f6z\u00fcl\u00fck 21 boltos, 18 b\u0151rkeresked\u0151, h\u00e1zal\u00f3 16, 9 v\u00e1szonkeresked\u0151, 7 gyapj\u00fakeresked\u0151, 4 vegyeskeresked\u0151 \u00e9s hajh\u00e1sz (az \u00e1ru, ill. a vev\u0151\n                      felhajt\u00e1sa, a bizom\u00e1nyba kapott, illetve saj\u00e1t tulajdon\u00fa term\u00e9kek \u00e9rt\u00e9kes\u00edt\u00e9se), 2-2 l\u00f3-, p\u00e1linkakeresked\u0151, p\u00e1ntlik\u00e1s, divat\u00e1ru keresked\u0151. 1-1 hal-, liszt-, \u00e9s \u00f3cskavas-keresked\u0151. \u00d6tven iparos: 11 p\u00e1linkaf\u0151z\u0151, 8 szab\u00f3, 6 sapkak\u00e9sz\u00edt\u0151,\n                      5 tajt\u00e9kpipa farag\u00f3 \u00e9s pipacsiszol\u00f3, 4-4 suszter, \u00fcveges \u00e9s m\u00e9sz\u00e1ros, 3-3 t\u00edm\u00e1r \u00e9s szobafest\u0151, 2-2 szappanos, vattak\u00e9sz\u00edt\u0151, b\u00e1dogos, ecetgy\u00e1rt\u00f3, gombk\u00f6t\u0151. 1-1 serf\u0151z\u0151, \u00f3r\u00e1smester, \u00f6tv\u00f6s, virslicsin\u00e1l\u00f3, gyufak\u00e9sz\u00edt\u0151. \u00d6t csal\u00e1dot tartott\n                      el a hitk\u00f6zs\u00e9g. A hitk\u00f6zs\u00e9gi alkalmaz\u00e1s\u00e1ban 7 tan\u00edt\u00f3, n\u00e9gy egyh\u00e1zfi: 2 sakter \u00e9s 2 k\u00e1ntor \u00e9s egy f\u0151rabbi, Wolf Lippe&nbsp;volt. A gy\u00f6ngy\u00f6si zsid\u00f3 csal\u00e1df\u0151k k\u00f6z\u00f6tt volt m\u00e9g 3 vend\u00e9gl\u0151s, 6 korcsm\u00e1ros, 2 seb\u00e9sz, 2 orvos is, 5 napsz\u00e1mos\n                      \u00e9s 1 katona, 6 tan\u00e1csos \u00e9s 3 el\u00f6lj\u00e1r\u00f3. Egy b\u0151rkeresked\u0151 fia B\u00e9csben tanult orvosi tudom\u00e1nyokat, egy m\u00e1sik b\u0151r\u00f6s fia pedig Pesten m\u00e9rn\u00f6knek tanult.[2]\n                      <br>&nbsp;&nbsp;Az \u00f6ssze\u00edr\u00e1sok \u00e1tmeneti \u00e1llapotot r\u00f6gz\u00edtettek, a m\u00e1r kor\u00e1bban betelep\u00fclt \u00e9s a feud\u00e1lis t\u00e1rsadalom kereteibe a lehet\u0151s\u00e9gekhez k\u00e9pest beilleszkedett, megt\u0171rt n\u00e9pess\u00e9g helyzet\u00e9t. A vagyoni differenci\u00e1l\u00f3d\u00e1s, a t\u0151kefelhalmoz\u00e1s\n                      m\u00e1r elkezd\u0151d\u00f6tt. Ebb\u0151l a helyzetb\u0151l indult j\u00f3 k\u00e9t \u00e9vtizeddel k\u00e9s\u0151bb az orsz\u00e1g, illetve a ter\u00fclet moderniz\u00e1ci\u00f3j\u00e1ban fontos kataliz\u00e1tor szerepet j\u00e1tsz\u00f3 zsid\u00f3s\u00e1g.<\/p>\n                  <\/div>\n                <\/div>\n                <div data-colibri-id=\"891-c14\" class=\"h-text h-text-component style-1302 style-local-891-c14 position-relative h-element\">\n                  <!---->\n                  <!---->\n                  <div class=\"\">\n                    <p>[1]&nbsp;Az \u00f6ssze\u00edr\u00e1sok a Heves Megyei Lev\u00e9lt\u00e1rban Conscriptio Judaeorum. IV-7\/b\/6 960-969 \u00d6I. sz\u00e1m alatt tal\u00e1lhat\u00f3ak.\n                      <br>[2]&nbsp;HML.GYVL. V-101\/b\/47. LIII.-82. Zsid\u00f3k \u00f6ssze\u00edr\u00e1sa. K\u00f6zli Horv\u00e1th L\u00e1szl\u00f3. 1998. 48-49 l.<\/p>\n                  <\/div>\n                <\/div>\n              <\/div>\n            <\/div>\n          <\/div>\n        <\/div>\n      <\/div>\n    <\/div>\n  <\/div>\n<\/div>","protected":false},"excerpt":{"rendered":"<p>Heves megye zsid\u00f3s\u00e1ga az 1830-40-es \u00e9vekben a t\u00fcrelmi ad\u00f3 \u00e9s az 1848-as \u00f6ssze\u00edr\u00e1sok t\u00fckr\u00e9ben&nbsp; Csak n\u00e9h\u00e1ny maradt fenn azokb\u00f3l az ad\u00f3\u00f6ssze\u00edr\u00e1si \u00e9vekb\u0151l, amiket a j\u00e1r\u00e1si szolgab\u00edr\u00f3k ellenjegyz\u00e9s\u00e9vel a S\u00f3hivatalok hajtottak be.[1] A katonai \u00e9v november 1-t\u0151l a k\u00f6vetkez\u0151 \u00e9v okt\u00f3ber v\u00e9g\u00e9ig terjedt, \u00edgy pl.&nbsp;1833\/34, vagy 1834\/35 szerepel az \u00edveken. Az is el\u0151fordult nemegyszer, hogy az [&hellip;]<\/p>\n","protected":false},"author":1,"featured_media":0,"parent":0,"menu_order":0,"comment_status":"closed","ping_status":"closed","template":"page-templates\/full-width-page.php","meta":{"footnotes":""},"class_list":["post-891","page","type-page","status-publish","hentry"],"_links":{"self":[{"href":"https:\/\/hevesmemorial.hu\/index.php?rest_route=\/wp\/v2\/pages\/891","targetHints":{"allow":["GET"]}}],"collection":[{"href":"https:\/\/hevesmemorial.hu\/index.php?rest_route=\/wp\/v2\/pages"}],"about":[{"href":"https:\/\/hevesmemorial.hu\/index.php?rest_route=\/wp\/v2\/types\/page"}],"author":[{"embeddable":true,"href":"https:\/\/hevesmemorial.hu\/index.php?rest_route=\/wp\/v2\/users\/1"}],"replies":[{"embeddable":true,"href":"https:\/\/hevesmemorial.hu\/index.php?rest_route=%2Fwp%2Fv2%2Fcomments&post=891"}],"version-history":[{"count":8,"href":"https:\/\/hevesmemorial.hu\/index.php?rest_route=\/wp\/v2\/pages\/891\/revisions"}],"predecessor-version":[{"id":2436,"href":"https:\/\/hevesmemorial.hu\/index.php?rest_route=\/wp\/v2\/pages\/891\/revisions\/2436"}],"wp:attachment":[{"href":"https:\/\/hevesmemorial.hu\/index.php?rest_route=%2Fwp%2Fv2%2Fmedia&parent=891"}],"curies":[{"name":"wp","href":"https:\/\/api.w.org\/{rel}","templated":true}]}}